{"id":7966,"date":"2026-04-11T09:01:08","date_gmt":"2026-04-11T09:01:08","guid":{"rendered":"https:\/\/kimchic.ch\/?post_type=product&#038;p=7966"},"modified":"2026-04-14T01:39:59","modified_gmt":"2026-04-14T01:39:59","slug":"oversize-cut-off-bermuda-pants","status":"publish","type":"product","link":"https:\/\/kimchic.ch\/de\/product\/oversize-cut-off-bermuda-pants\/","title":{"rendered":"Oversize Cut-Off Bermuda Hose"},"content":{"rendered":"","protected":false},"excerpt":{"rendered":"<p>Farbe: Kamelbeige<br \/>\nBaumwollstoff<br \/>\nLockere Passform<br \/>\nWeites Bein<br \/>\nVerk\u00fcrzte L\u00e4nge<br \/>\nKnopfverschluss<br \/>\nRei\u00dfverschluss<br \/>\nG\u00fcrtelschlaufen<br \/>\nSeitentaschen<br \/>\nCargotaschen<br \/>\nDestroyed-Details<br \/>\nOffener Saum<br \/>\nObermaterial: 100 % Baumwolle<br \/>\nHergestellt in S\u00fcdkorea<\/p>\n<p>Gr\u00f6\u00dfe &#038; Passform<br \/>\nGr\u00f6\u00dfe S: Gesamtl\u00e4nge 74 cm \/ Taille 37 cm \/ H\u00fcfte 61 cm \/ Schrittl\u00e4nge 39 cm \/ Oberschenkelweite 44 cm \/ Saumweite 39 cm<br \/>\nGr\u00f6\u00dfe M:<\/p>\n","protected":false},"featured_media":7967,"comment_status":"open","ping_status":"closed","template":"","meta":[],"product_brand":[],"product_cat":[50],"product_tag":[],"class_list":{"0":"post-7966","1":"product","2":"type-product","3":"status-publish","4":"has-post-thumbnail","6":"product_cat-bottoms","8":"first","9":"instock","10":"shipping-taxable","11":"purchasable","12":"product-type-variable"},"_links":{"self":[{"href":"https:\/\/kimchic.ch\/de\/wp-json\/wp\/v2\/product\/7966","targetHints":{"allow":["GET"]}}],"collection":[{"href":"https:\/\/kimchic.ch\/de\/wp-json\/wp\/v2\/product"}],"about":[{"href":"https:\/\/kimchic.ch\/de\/wp-json\/wp\/v2\/types\/product"}],"replies":[{"embeddable":true,"href":"https:\/\/kimchic.ch\/de\/wp-json\/wp\/v2\/comments?post=7966"}],"wp:featuredmedia":[{"embeddable":true,"href":"https:\/\/kimchic.ch\/de\/wp-json\/wp\/v2\/media\/7967"}],"wp:attachment":[{"href":"https:\/\/kimchic.ch\/de\/wp-json\/wp\/v2\/media?parent=7966"}],"wp:term":[{"taxonomy":"product_brand","embeddable":true,"href":"https:\/\/kimchic.ch\/de\/wp-json\/wp\/v2\/product_brand?post=7966"},{"taxonomy":"product_cat","embeddable":true,"href":"https:\/\/kimchic.ch\/de\/wp-json\/wp\/v2\/product_cat?post=7966"},{"taxonomy":"product_tag","embeddable":true,"href":"https:\/\/kimchic.ch\/de\/wp-json\/wp\/v2\/product_tag?post=7966"}],"curies":[{"name":"wp","href":"https:\/\/api.w.org\/{rel}","templated":true}]}}