{"id":8588,"date":"2026-04-20T20:21:27","date_gmt":"2026-04-20T20:21:27","guid":{"rendered":"https:\/\/kimchic.ch\/?post_type=product&#038;p=8588"},"modified":"2026-04-20T20:28:45","modified_gmt":"2026-04-20T20:28:45","slug":"white-belted-utility-jacket","status":"publish","type":"product","link":"https:\/\/kimchic.ch\/de\/product\/white-belted-utility-jacket\/","title":{"rendered":"Wei\u00dfe taillierte Utility-Jacke"},"content":{"rendered":"","protected":false},"excerpt":{"rendered":"<p data-start=\"1840\" data-end=\"2118\">Farbe: Wei\u00df<br data-start=\"1870\" data-end=\"1873\" \/>Leichter, leicht transparenter Stoff<br data-start=\"1909\" data-end=\"1912\" \/>Relaxed Fit<br data-start=\"1923\" data-end=\"1926\" \/>Hoher Kragen<br data-start=\"1938\" data-end=\"1941\" \/>Verdeckter Frontverschluss<br data-start=\"1967\" data-end=\"1970\" \/>Aufgesetzte Pattentaschen vorne<br data-start=\"2001\" data-end=\"2004\" \/>Bindeg\u00fcrtel aus Stoff<br data-start=\"2025\" data-end=\"2028\" \/>Obermaterial: 60 % Rayon, 40 % Nylon<br data-start=\"2064\" data-end=\"2067\" \/>Nur chemische Reinigung<br data-start=\"2090\" data-end=\"2093\" \/>Hergestellt in S\u00fcdkorea<\/p>\n<p data-start=\"2120\" data-end=\"2208\">Gr\u00f6\u00dfe &#038; Passform<br data-start=\"2136\" data-end=\"2139\" \/>Einheitsgr\u00f6\u00dfe: Gesamtl\u00e4nge 83 cm \/ Schulter 55 cm \/ Brustumfang 65 cm<\/p>\n","protected":false},"featured_media":8591,"comment_status":"open","ping_status":"closed","template":"","meta":[],"product_brand":[],"product_cat":[80,15],"product_tag":[],"class_list":{"0":"post-8588","1":"product","2":"type-product","3":"status-publish","4":"has-post-thumbnail","6":"product_cat-pre-order","7":"product_cat-shop","9":"first","10":"onbackorder","11":"shipping-taxable","12":"purchasable","13":"product-type-variable"},"_links":{"self":[{"href":"https:\/\/kimchic.ch\/de\/wp-json\/wp\/v2\/product\/8588","targetHints":{"allow":["GET"]}}],"collection":[{"href":"https:\/\/kimchic.ch\/de\/wp-json\/wp\/v2\/product"}],"about":[{"href":"https:\/\/kimchic.ch\/de\/wp-json\/wp\/v2\/types\/product"}],"replies":[{"embeddable":true,"href":"https:\/\/kimchic.ch\/de\/wp-json\/wp\/v2\/comments?post=8588"}],"wp:featuredmedia":[{"embeddable":true,"href":"https:\/\/kimchic.ch\/de\/wp-json\/wp\/v2\/media\/8591"}],"wp:attachment":[{"href":"https:\/\/kimchic.ch\/de\/wp-json\/wp\/v2\/media?parent=8588"}],"wp:term":[{"taxonomy":"product_brand","embeddable":true,"href":"https:\/\/kimchic.ch\/de\/wp-json\/wp\/v2\/product_brand?post=8588"},{"taxonomy":"product_cat","embeddable":true,"href":"https:\/\/kimchic.ch\/de\/wp-json\/wp\/v2\/product_cat?post=8588"},{"taxonomy":"product_tag","embeddable":true,"href":"https:\/\/kimchic.ch\/de\/wp-json\/wp\/v2\/product_tag?post=8588"}],"curies":[{"name":"wp","href":"https:\/\/api.w.org\/{rel}","templated":true}]}}