{"id":8603,"date":"2026-04-20T20:48:47","date_gmt":"2026-04-20T20:48:47","guid":{"rendered":"https:\/\/kimchic.ch\/?post_type=product&#038;p=8603"},"modified":"2026-04-20T20:53:11","modified_gmt":"2026-04-20T20:53:11","slug":"champagne-sheer-wide-leg-pants","status":"publish","type":"product","link":"https:\/\/kimchic.ch\/de\/product\/champagne-sheer-wide-leg-pants\/","title":{"rendered":"Transparente Wide-Leg-Hose in Champagner"},"content":{"rendered":"","protected":false},"excerpt":{"rendered":"<p data-start=\"2011\" data-end=\"2268\">Farbe: Champagner<br data-start=\"2047\" data-end=\"2050\" \/>Leichter transparenter Stoff<br data-start=\"2078\" data-end=\"2081\" \/>Weites Bein<br data-start=\"2092\" data-end=\"2095\" \/>Hohe Taille<br data-start=\"2106\" data-end=\"2109\" \/>Flie\u00dfende Silhouette<br data-start=\"2129\" data-end=\"2132\" \/>Seitentaschen<br data-start=\"2145\" data-end=\"2148\" \/>Futter: 100 % Polyester<br data-start=\"2171\" data-end=\"2174\" \/>Obermaterial: 53 % Polyester, 47 % Nylon<br data-start=\"2214\" data-end=\"2217\" \/>Nur chemische Reinigung<br data-start=\"2240\" data-end=\"2243\" \/>Hergestellt in S\u00fcdkorea<\/p>\n<p data-start=\"2270\" data-end=\"2470\">Gr\u00f6\u00dfe &#038; Passform<br data-start=\"2286\" data-end=\"2289\" \/>Gr\u00f6\u00dfe S: Gesamtl\u00e4nge 108 cm \/ Bundweite 38 cm \/ H\u00fcftweite 54 cm \/ Oberschenkelweite 36 cm<br data-start=\"2378\" data-end=\"2381\" \/>Gr\u00f6\u00dfe M: Gesamtl\u00e4nge 108 cm \/ Bundweite 40 cm \/ H\u00fcftweite 56 cm \/ Oberschenkelweite 38 cm<\/p>\n","protected":false},"featured_media":8598,"comment_status":"open","ping_status":"closed","template":"","meta":[],"product_brand":[],"product_cat":[80,15],"product_tag":[],"class_list":{"0":"post-8603","1":"product","2":"type-product","3":"status-publish","4":"has-post-thumbnail","6":"product_cat-pre-order","7":"product_cat-shop","9":"first","10":"onbackorder","11":"shipping-taxable","12":"purchasable","13":"product-type-variable"},"_links":{"self":[{"href":"https:\/\/kimchic.ch\/de\/wp-json\/wp\/v2\/product\/8603","targetHints":{"allow":["GET"]}}],"collection":[{"href":"https:\/\/kimchic.ch\/de\/wp-json\/wp\/v2\/product"}],"about":[{"href":"https:\/\/kimchic.ch\/de\/wp-json\/wp\/v2\/types\/product"}],"replies":[{"embeddable":true,"href":"https:\/\/kimchic.ch\/de\/wp-json\/wp\/v2\/comments?post=8603"}],"wp:featuredmedia":[{"embeddable":true,"href":"https:\/\/kimchic.ch\/de\/wp-json\/wp\/v2\/media\/8598"}],"wp:attachment":[{"href":"https:\/\/kimchic.ch\/de\/wp-json\/wp\/v2\/media?parent=8603"}],"wp:term":[{"taxonomy":"product_brand","embeddable":true,"href":"https:\/\/kimchic.ch\/de\/wp-json\/wp\/v2\/product_brand?post=8603"},{"taxonomy":"product_cat","embeddable":true,"href":"https:\/\/kimchic.ch\/de\/wp-json\/wp\/v2\/product_cat?post=8603"},{"taxonomy":"product_tag","embeddable":true,"href":"https:\/\/kimchic.ch\/de\/wp-json\/wp\/v2\/product_tag?post=8603"}],"curies":[{"name":"wp","href":"https:\/\/api.w.org\/{rel}","templated":true}]}}