{"id":7465,"date":"2026-03-30T02:32:06","date_gmt":"2026-03-30T02:32:06","guid":{"rendered":"https:\/\/kimchic.ch\/?post_type=product&#038;p=7465"},"modified":"2026-04-19T23:01:01","modified_gmt":"2026-04-19T23:01:01","slug":"two-in-one-square-shoulder-blazer-dress","status":"publish","type":"product","link":"https:\/\/kimchic.ch\/fr\/product\/two-in-one-square-shoulder-blazer-dress\/","title":{"rendered":"Robe Blazer Deux-en-Un \u00c9paules Carr\u00e9es"},"content":{"rendered":"","protected":false},"excerpt":{"rendered":"<p><span data-sheets-root=\"1\">Couleur : Blanc<br \/>\nTissu tiss\u00e9 de poids moyen<br \/>\nCoupe ajust\u00e9e<br \/>\nRevers crant\u00e9s<br \/>\n\u00c9paules structur\u00e9es<br \/>\nPoche poitrine passepoil\u00e9e<br \/>\nD\u00e9tails d\u00e9coup\u00e9s sur les c\u00f4t\u00e9s<br \/>\nPanneau drap\u00e9 au dos<br \/>\nMati\u00e8re principale : 100 % polyester<br \/>\nNettoyage \u00e0 sec uniquement<br \/>\nFabriqu\u00e9 en Cor\u00e9e du Sud<\/span><\/p>\n","protected":false},"featured_media":7507,"comment_status":"open","ping_status":"closed","template":"","meta":[],"product_brand":[],"product_cat":[54,55],"product_tag":[],"class_list":{"0":"post-7465","1":"product","2":"type-product","3":"status-publish","4":"has-post-thumbnail","6":"product_cat-outerwear","7":"product_cat-dresses","9":"first","10":"instock","11":"shipping-taxable","12":"purchasable","13":"product-type-variable"},"_links":{"self":[{"href":"https:\/\/kimchic.ch\/fr\/wp-json\/wp\/v2\/product\/7465","targetHints":{"allow":["GET"]}}],"collection":[{"href":"https:\/\/kimchic.ch\/fr\/wp-json\/wp\/v2\/product"}],"about":[{"href":"https:\/\/kimchic.ch\/fr\/wp-json\/wp\/v2\/types\/product"}],"replies":[{"embeddable":true,"href":"https:\/\/kimchic.ch\/fr\/wp-json\/wp\/v2\/comments?post=7465"}],"wp:featuredmedia":[{"embeddable":true,"href":"https:\/\/kimchic.ch\/fr\/wp-json\/wp\/v2\/media\/7507"}],"wp:attachment":[{"href":"https:\/\/kimchic.ch\/fr\/wp-json\/wp\/v2\/media?parent=7465"}],"wp:term":[{"taxonomy":"product_brand","embeddable":true,"href":"https:\/\/kimchic.ch\/fr\/wp-json\/wp\/v2\/product_brand?post=7465"},{"taxonomy":"product_cat","embeddable":true,"href":"https:\/\/kimchic.ch\/fr\/wp-json\/wp\/v2\/product_cat?post=7465"},{"taxonomy":"product_tag","embeddable":true,"href":"https:\/\/kimchic.ch\/fr\/wp-json\/wp\/v2\/product_tag?post=7465"}],"curies":[{"name":"wp","href":"https:\/\/api.w.org\/{rel}","templated":true}]}}