{"id":7466,"date":"2026-03-30T02:36:36","date_gmt":"2026-03-30T02:36:36","guid":{"rendered":"https:\/\/kimchic.ch\/?post_type=product&#038;p=7466"},"modified":"2026-04-17T17:30:36","modified_gmt":"2026-04-17T17:30:36","slug":"relaxed-contrast-jeans","status":"publish","type":"product","link":"https:\/\/kimchic.ch\/fr\/product\/relaxed-contrast-jeans\/","title":{"rendered":"Jean Contraste Relaxed fit"},"content":{"rendered":"","protected":false},"excerpt":{"rendered":"<p><span data-sheets-root=\"1\">Couleur : Noir \/ Bleu<br \/>\nDenim de coton de poids moyen<br \/>\nCoupe d\u00e9contract\u00e9e<br \/>\nJambe large<br \/>\nTaille haute<br \/>\nD\u00e9tail de ceinture en denim contrastant<br \/>\nCeinture ajustable par boutons<br \/>\nPoches hanches en biais<br \/>\nPoches plaqu\u00e9es au dos<br \/>\nFermeture boutonn\u00e9e sur le devant<br \/>\nBraguette zipp\u00e9e<br \/>\nNon doubl\u00e9<br \/>\n100 % coton<br \/>\nNettoyage \u00e0 sec ou lavage \u00e0 la main \u00e0 froid<br \/>\nFabriqu\u00e9 en Cor\u00e9e du Sud<\/span><\/p>\n","protected":false},"featured_media":7508,"comment_status":"open","ping_status":"closed","template":"","meta":[],"product_brand":[],"product_cat":[50,56],"product_tag":[],"class_list":{"0":"post-7466","1":"product","2":"type-product","3":"status-publish","4":"has-post-thumbnail","6":"product_cat-bottoms","7":"product_cat-denim","9":"first","10":"instock","11":"shipping-taxable","12":"purchasable","13":"product-type-simple"},"_links":{"self":[{"href":"https:\/\/kimchic.ch\/fr\/wp-json\/wp\/v2\/product\/7466","targetHints":{"allow":["GET"]}}],"collection":[{"href":"https:\/\/kimchic.ch\/fr\/wp-json\/wp\/v2\/product"}],"about":[{"href":"https:\/\/kimchic.ch\/fr\/wp-json\/wp\/v2\/types\/product"}],"replies":[{"embeddable":true,"href":"https:\/\/kimchic.ch\/fr\/wp-json\/wp\/v2\/comments?post=7466"}],"wp:featuredmedia":[{"embeddable":true,"href":"https:\/\/kimchic.ch\/fr\/wp-json\/wp\/v2\/media\/7508"}],"wp:attachment":[{"href":"https:\/\/kimchic.ch\/fr\/wp-json\/wp\/v2\/media?parent=7466"}],"wp:term":[{"taxonomy":"product_brand","embeddable":true,"href":"https:\/\/kimchic.ch\/fr\/wp-json\/wp\/v2\/product_brand?post=7466"},{"taxonomy":"product_cat","embeddable":true,"href":"https:\/\/kimchic.ch\/fr\/wp-json\/wp\/v2\/product_cat?post=7466"},{"taxonomy":"product_tag","embeddable":true,"href":"https:\/\/kimchic.ch\/fr\/wp-json\/wp\/v2\/product_tag?post=7466"}],"curies":[{"name":"wp","href":"https:\/\/api.w.org\/{rel}","templated":true}]}}