{"id":7469,"date":"2026-03-30T03:39:52","date_gmt":"2026-03-30T03:39:52","guid":{"rendered":"https:\/\/kimchic.ch\/?post_type=product&#038;p=7469"},"modified":"2026-04-17T17:18:15","modified_gmt":"2026-04-17T17:18:15","slug":"premium-relaxed-straight-jeans-with-subtle-side-fades","status":"publish","type":"product","link":"https:\/\/kimchic.ch\/fr\/product\/premium-relaxed-straight-jeans-with-subtle-side-fades\/","title":{"rendered":"Jean droit Relaxed fit avec D\u00e9lav\u00e9 Lat\u00e9ral"},"content":{"rendered":"","protected":false},"excerpt":{"rendered":"<p><span data-sheets-root=\"1\">Couleur : Bleu<br \/>\nTissu denim<br \/>\nTaille haute<br \/>\nCoupe d\u00e9contract\u00e9e<br \/>\nJambe large<br \/>\nLongueur totale<br \/>\nPassants de ceinture<br \/>\nPoches avant<br \/>\nPoches arri\u00e8re<br \/>\nBraguette zipp\u00e9e<br \/>\nFermeture boutonn\u00e9e<br \/>\n100 % coton<br \/>\nLavage \u00e0 30 \u00b0C ou nettoyage \u00e0 sec<br \/>\nFabriqu\u00e9 en Cor\u00e9e du Sud<\/span><\/p>\n","protected":false},"featured_media":7524,"comment_status":"open","ping_status":"closed","template":"","meta":[],"product_brand":[],"product_cat":[50,56],"product_tag":[],"class_list":{"0":"post-7469","1":"product","2":"type-product","3":"status-publish","4":"has-post-thumbnail","6":"product_cat-bottoms","7":"product_cat-denim","9":"first","10":"instock","11":"shipping-taxable","12":"purchasable","13":"product-type-simple"},"_links":{"self":[{"href":"https:\/\/kimchic.ch\/fr\/wp-json\/wp\/v2\/product\/7469","targetHints":{"allow":["GET"]}}],"collection":[{"href":"https:\/\/kimchic.ch\/fr\/wp-json\/wp\/v2\/product"}],"about":[{"href":"https:\/\/kimchic.ch\/fr\/wp-json\/wp\/v2\/types\/product"}],"replies":[{"embeddable":true,"href":"https:\/\/kimchic.ch\/fr\/wp-json\/wp\/v2\/comments?post=7469"}],"wp:featuredmedia":[{"embeddable":true,"href":"https:\/\/kimchic.ch\/fr\/wp-json\/wp\/v2\/media\/7524"}],"wp:attachment":[{"href":"https:\/\/kimchic.ch\/fr\/wp-json\/wp\/v2\/media?parent=7469"}],"wp:term":[{"taxonomy":"product_brand","embeddable":true,"href":"https:\/\/kimchic.ch\/fr\/wp-json\/wp\/v2\/product_brand?post=7469"},{"taxonomy":"product_cat","embeddable":true,"href":"https:\/\/kimchic.ch\/fr\/wp-json\/wp\/v2\/product_cat?post=7469"},{"taxonomy":"product_tag","embeddable":true,"href":"https:\/\/kimchic.ch\/fr\/wp-json\/wp\/v2\/product_tag?post=7469"}],"curies":[{"name":"wp","href":"https:\/\/api.w.org\/{rel}","templated":true}]}}