{"id":7491,"date":"2026-03-30T06:29:19","date_gmt":"2026-03-30T06:29:19","guid":{"rendered":"https:\/\/kimchic.ch\/?post_type=product&#038;p=7491"},"modified":"2026-04-17T13:12:32","modified_gmt":"2026-04-17T13:12:32","slug":"crisp-white-blazer","status":"publish","type":"product","link":"https:\/\/kimchic.ch\/fr\/product\/crisp-white-blazer\/","title":{"rendered":"Blazer Blanc Immacul\u00e9"},"content":{"rendered":"","protected":false},"excerpt":{"rendered":"<p><span data-sheets-root=\"1\">Couleur : Blanc<br \/>\nTissu tiss\u00e9 l\u00e9ger<br \/>\nCoupe ajust\u00e9e<br \/>\nSilhouette \u00e0 simple boutonnage<br \/>\nRevers en pointe<br \/>\n\u00c9paules structur\u00e9es<br \/>\nPoche poitrine passepoil\u00e9e<br \/>\nPoches lat\u00e9rales<br \/>\nD\u00e9tail torsad\u00e9 \u00e0 la taille<br \/>\nFermeture boutonn\u00e9e sur le devant<br \/>\nMati\u00e8re principale : 100 % polyester<br \/>\nDoublure : 100 % polyester<br \/>\nNettoyage \u00e0 sec uniquement<br \/>\nFabriqu\u00e9 en Cor\u00e9e du Sud<\/span><\/p>\n","protected":false},"featured_media":7676,"comment_status":"open","ping_status":"closed","template":"","meta":[],"product_brand":[],"product_cat":[15],"product_tag":[],"class_list":{"0":"post-7491","1":"product","2":"type-product","3":"status-publish","4":"has-post-thumbnail","6":"product_cat-shop","8":"first","9":"instock","10":"shipping-taxable","11":"purchasable","12":"product-type-simple"},"_links":{"self":[{"href":"https:\/\/kimchic.ch\/fr\/wp-json\/wp\/v2\/product\/7491","targetHints":{"allow":["GET"]}}],"collection":[{"href":"https:\/\/kimchic.ch\/fr\/wp-json\/wp\/v2\/product"}],"about":[{"href":"https:\/\/kimchic.ch\/fr\/wp-json\/wp\/v2\/types\/product"}],"replies":[{"embeddable":true,"href":"https:\/\/kimchic.ch\/fr\/wp-json\/wp\/v2\/comments?post=7491"}],"wp:featuredmedia":[{"embeddable":true,"href":"https:\/\/kimchic.ch\/fr\/wp-json\/wp\/v2\/media\/7676"}],"wp:attachment":[{"href":"https:\/\/kimchic.ch\/fr\/wp-json\/wp\/v2\/media?parent=7491"}],"wp:term":[{"taxonomy":"product_brand","embeddable":true,"href":"https:\/\/kimchic.ch\/fr\/wp-json\/wp\/v2\/product_brand?post=7491"},{"taxonomy":"product_cat","embeddable":true,"href":"https:\/\/kimchic.ch\/fr\/wp-json\/wp\/v2\/product_cat?post=7491"},{"taxonomy":"product_tag","embeddable":true,"href":"https:\/\/kimchic.ch\/fr\/wp-json\/wp\/v2\/product_tag?post=7491"}],"curies":[{"name":"wp","href":"https:\/\/api.w.org\/{rel}","templated":true}]}}