{"id":7822,"date":"2026-04-11T04:13:21","date_gmt":"2026-04-11T04:13:21","guid":{"rendered":"https:\/\/kimchic.ch\/?post_type=product&#038;p=7822"},"modified":"2026-04-15T10:29:02","modified_gmt":"2026-04-15T10:29:02","slug":"cotton-mint-wrap-hhirt","status":"publish","type":"product","link":"https:\/\/kimchic.ch\/fr\/product\/cotton-mint-wrap-hhirt\/","title":{"rendered":"Chemise Portefeuille Menthe Claire En Coton"},"content":{"rendered":"","protected":false},"excerpt":{"rendered":"<p><span data-sheets-root=\"1\">Couleur : Menthe clair<br \/>\nTissu en coton<br \/>\nCoupe d\u00e9contract\u00e9e<br \/>\nCol pointu<br \/>\nFermeture boutonn\u00e9e sur le devant<br \/>\nPoche poitrine passepoil\u00e9e<br \/>\nD\u00e9tail portefeuille boutonn\u00e9 \u00e0 la taille<br \/>\nManches longues<br \/>\nPoignets boutonn\u00e9s<br \/>\nMati\u00e8re principale : 100 % coton<br \/>\nFabriqu\u00e9 en Cor\u00e9e du Sud<\/p>\n<p>Taille &#038; Coupe<br \/>\nLongueur totale 74,9 cm \/ \u00c9paules 48,3 cm \/ Tour de poitrine 61 cm \/ Longueur des manches 62,2 cm<\/span><\/p>\n","protected":false},"featured_media":7837,"comment_status":"open","ping_status":"closed","template":"","meta":[],"product_brand":[],"product_cat":[57],"product_tag":[],"class_list":{"0":"post-7822","1":"product","2":"type-product","3":"status-publish","4":"has-post-thumbnail","6":"product_cat-tops-shirts","8":"first","9":"instock","10":"shipping-taxable","11":"purchasable","12":"product-type-simple"},"_links":{"self":[{"href":"https:\/\/kimchic.ch\/fr\/wp-json\/wp\/v2\/product\/7822","targetHints":{"allow":["GET"]}}],"collection":[{"href":"https:\/\/kimchic.ch\/fr\/wp-json\/wp\/v2\/product"}],"about":[{"href":"https:\/\/kimchic.ch\/fr\/wp-json\/wp\/v2\/types\/product"}],"replies":[{"embeddable":true,"href":"https:\/\/kimchic.ch\/fr\/wp-json\/wp\/v2\/comments?post=7822"}],"wp:featuredmedia":[{"embeddable":true,"href":"https:\/\/kimchic.ch\/fr\/wp-json\/wp\/v2\/media\/7837"}],"wp:attachment":[{"href":"https:\/\/kimchic.ch\/fr\/wp-json\/wp\/v2\/media?parent=7822"}],"wp:term":[{"taxonomy":"product_brand","embeddable":true,"href":"https:\/\/kimchic.ch\/fr\/wp-json\/wp\/v2\/product_brand?post=7822"},{"taxonomy":"product_cat","embeddable":true,"href":"https:\/\/kimchic.ch\/fr\/wp-json\/wp\/v2\/product_cat?post=7822"},{"taxonomy":"product_tag","embeddable":true,"href":"https:\/\/kimchic.ch\/fr\/wp-json\/wp\/v2\/product_tag?post=7822"}],"curies":[{"name":"wp","href":"https:\/\/api.w.org\/{rel}","templated":true}]}}