{"id":7889,"date":"2026-04-11T06:53:37","date_gmt":"2026-04-11T06:53:37","guid":{"rendered":"https:\/\/kimchic.ch\/?post_type=product&#038;p=7889"},"modified":"2026-04-15T08:24:25","modified_gmt":"2026-04-15T08:24:25","slug":"stripe-two-way-tie-shirt","status":"publish","type":"product","link":"https:\/\/kimchic.ch\/fr\/product\/stripe-two-way-tie-shirt\/","title":{"rendered":"Chemise Ray\u00e9e avec col nou\u00e9"},"content":{"rendered":"","protected":false},"excerpt":{"rendered":"<p><span data-sheets-root=\"1\">Couleur : Blanc<br \/>\nTissu ray\u00e9 en m\u00e9lange de coton<br \/>\nCoupe d\u00e9contract\u00e9e<br \/>\nCol mao<br \/>\nD\u00e9tail \u00e0 nouer int\u00e9gr\u00e9<br \/>\nFermeture boutonn\u00e9e sur le devant<br \/>\nManches longues<br \/>\nPoignets boutonn\u00e9s<br \/>\nMati\u00e8re principale : 76 % coton, 21 % nylon, 3 % spandex<br \/>\nFabriqu\u00e9 en Cor\u00e9e du Sud<\/p>\n<p>Taille &#038; Coupe<br \/>\n\u00c9paules 55 cm \/ Poitrine 55 cm \/ Longueur devant 63 cm \/ Longueur dos 80 cm<\/span><\/p>\n","protected":false},"featured_media":0,"comment_status":"open","ping_status":"closed","template":"","meta":[],"product_brand":[],"product_cat":[57],"product_tag":[],"class_list":{"0":"post-7889","1":"product","2":"type-product","3":"status-publish","5":"product_cat-tops-shirts","7":"first","8":"instock","9":"shipping-taxable","10":"purchasable","11":"product-type-simple"},"_links":{"self":[{"href":"https:\/\/kimchic.ch\/fr\/wp-json\/wp\/v2\/product\/7889","targetHints":{"allow":["GET"]}}],"collection":[{"href":"https:\/\/kimchic.ch\/fr\/wp-json\/wp\/v2\/product"}],"about":[{"href":"https:\/\/kimchic.ch\/fr\/wp-json\/wp\/v2\/types\/product"}],"replies":[{"embeddable":true,"href":"https:\/\/kimchic.ch\/fr\/wp-json\/wp\/v2\/comments?post=7889"}],"wp:attachment":[{"href":"https:\/\/kimchic.ch\/fr\/wp-json\/wp\/v2\/media?parent=7889"}],"wp:term":[{"taxonomy":"product_brand","embeddable":true,"href":"https:\/\/kimchic.ch\/fr\/wp-json\/wp\/v2\/product_brand?post=7889"},{"taxonomy":"product_cat","embeddable":true,"href":"https:\/\/kimchic.ch\/fr\/wp-json\/wp\/v2\/product_cat?post=7889"},{"taxonomy":"product_tag","embeddable":true,"href":"https:\/\/kimchic.ch\/fr\/wp-json\/wp\/v2\/product_tag?post=7889"}],"curies":[{"name":"wp","href":"https:\/\/api.w.org\/{rel}","templated":true}]}}