{"id":7891,"date":"2026-04-11T07:06:35","date_gmt":"2026-04-11T07:06:35","guid":{"rendered":"https:\/\/kimchic.ch\/?post_type=product&#038;p=7891"},"modified":"2026-04-15T08:03:25","modified_gmt":"2026-04-15T08:03:25","slug":"denim-waist-layered-pants","status":"publish","type":"product","link":"https:\/\/kimchic.ch\/fr\/product\/denim-waist-layered-pants\/","title":{"rendered":"Pantalon Superpos\u00e9 Taille Denim"},"content":{"rendered":"","protected":false},"excerpt":{"rendered":"<p><span data-sheets-root=\"1\">Couleur : Noir<br \/>\nDesign mixte<br \/>\nD\u00e9tail de ceinture en denim<br \/>\nTaille \u00e9lastiqu\u00e9e \u00e0 cordon de serrage<br \/>\nCoupe d\u00e9contract\u00e9e<br \/>\nJambe large<br \/>\nLongueur totale<br \/>\nPoches lat\u00e9rales<br \/>\nDenim : 100 % coton<br \/>\nCorps : 52 % coton, 48 % polyester<br \/>\nFabriqu\u00e9 en Cor\u00e9e du Sud<\/p>\n<p>Taille &#038; Coupe<br \/>\nTaille \u00e0 partir de 34 cm (taille \u00e9lastiqu\u00e9e) \/ Longueur totale 114 cm<\/span><\/p>\n","protected":false},"featured_media":7894,"comment_status":"open","ping_status":"closed","template":"","meta":[],"product_brand":[],"product_cat":[50],"product_tag":[],"class_list":{"0":"post-7891","1":"product","2":"type-product","3":"status-publish","4":"has-post-thumbnail","6":"product_cat-bottoms","8":"first","9":"instock","10":"shipping-taxable","11":"purchasable","12":"product-type-simple"},"_links":{"self":[{"href":"https:\/\/kimchic.ch\/fr\/wp-json\/wp\/v2\/product\/7891","targetHints":{"allow":["GET"]}}],"collection":[{"href":"https:\/\/kimchic.ch\/fr\/wp-json\/wp\/v2\/product"}],"about":[{"href":"https:\/\/kimchic.ch\/fr\/wp-json\/wp\/v2\/types\/product"}],"replies":[{"embeddable":true,"href":"https:\/\/kimchic.ch\/fr\/wp-json\/wp\/v2\/comments?post=7891"}],"wp:featuredmedia":[{"embeddable":true,"href":"https:\/\/kimchic.ch\/fr\/wp-json\/wp\/v2\/media\/7894"}],"wp:attachment":[{"href":"https:\/\/kimchic.ch\/fr\/wp-json\/wp\/v2\/media?parent=7891"}],"wp:term":[{"taxonomy":"product_brand","embeddable":true,"href":"https:\/\/kimchic.ch\/fr\/wp-json\/wp\/v2\/product_brand?post=7891"},{"taxonomy":"product_cat","embeddable":true,"href":"https:\/\/kimchic.ch\/fr\/wp-json\/wp\/v2\/product_cat?post=7891"},{"taxonomy":"product_tag","embeddable":true,"href":"https:\/\/kimchic.ch\/fr\/wp-json\/wp\/v2\/product_tag?post=7891"}],"curies":[{"name":"wp","href":"https:\/\/api.w.org\/{rel}","templated":true}]}}