{"id":7983,"date":"2026-04-11T09:38:48","date_gmt":"2026-04-11T09:38:48","guid":{"rendered":"https:\/\/kimchic.ch\/?post_type=product&#038;p=7983"},"modified":"2026-04-15T07:02:05","modified_gmt":"2026-04-15T07:02:05","slug":"padded-shoulder-cotton-shirt","status":"publish","type":"product","link":"https:\/\/kimchic.ch\/fr\/product\/padded-shoulder-cotton-shirt\/","title":{"rendered":"Chemise en Coton \u00e0 \u00c9paules Structur\u00e9es"},"content":{"rendered":"","protected":false},"excerpt":{"rendered":"<p><span data-sheets-root=\"1\">Couleur : Blanc,Bleu<br \/>\nTissu en coton<br \/>\nCoupe ajust\u00e9e<br \/>\nCol pointu<br \/>\nPatte de boutonnage cach\u00e9e sur le devant<br \/>\n\u00c9paules structur\u00e9es<br \/>\nManches longues<br \/>\nPoignets boutonn\u00e9s<br \/>\nMati\u00e8re principale : 100 % coton<br \/>\nFabriqu\u00e9 en Cor\u00e9e du Sud<\/span><\/p>\n","protected":false},"featured_media":7986,"comment_status":"open","ping_status":"closed","template":"","meta":[],"product_brand":[],"product_cat":[57],"product_tag":[],"class_list":{"0":"post-7983","1":"product","2":"type-product","3":"status-publish","4":"has-post-thumbnail","6":"product_cat-tops-shirts","8":"first","9":"instock","10":"shipping-taxable","11":"purchasable","12":"product-type-variable"},"_links":{"self":[{"href":"https:\/\/kimchic.ch\/fr\/wp-json\/wp\/v2\/product\/7983","targetHints":{"allow":["GET"]}}],"collection":[{"href":"https:\/\/kimchic.ch\/fr\/wp-json\/wp\/v2\/product"}],"about":[{"href":"https:\/\/kimchic.ch\/fr\/wp-json\/wp\/v2\/types\/product"}],"replies":[{"embeddable":true,"href":"https:\/\/kimchic.ch\/fr\/wp-json\/wp\/v2\/comments?post=7983"}],"wp:featuredmedia":[{"embeddable":true,"href":"https:\/\/kimchic.ch\/fr\/wp-json\/wp\/v2\/media\/7986"}],"wp:attachment":[{"href":"https:\/\/kimchic.ch\/fr\/wp-json\/wp\/v2\/media?parent=7983"}],"wp:term":[{"taxonomy":"product_brand","embeddable":true,"href":"https:\/\/kimchic.ch\/fr\/wp-json\/wp\/v2\/product_brand?post=7983"},{"taxonomy":"product_cat","embeddable":true,"href":"https:\/\/kimchic.ch\/fr\/wp-json\/wp\/v2\/product_cat?post=7983"},{"taxonomy":"product_tag","embeddable":true,"href":"https:\/\/kimchic.ch\/fr\/wp-json\/wp\/v2\/product_tag?post=7983"}],"curies":[{"name":"wp","href":"https:\/\/api.w.org\/{rel}","templated":true}]}}