{"id":8034,"date":"2026-04-12T01:04:39","date_gmt":"2026-04-12T01:04:39","guid":{"rendered":"https:\/\/kimchic.ch\/?post_type=product&#038;p=8034"},"modified":"2026-04-19T10:06:47","modified_gmt":"2026-04-19T10:06:47","slug":"black-signature-wrapped-blazer","status":"publish","type":"product","link":"https:\/\/kimchic.ch\/fr\/product\/black-signature-wrapped-blazer\/","title":{"rendered":"Blazer Signature Drap\u00e9 Noir"},"content":{"rendered":"","protected":false},"excerpt":{"rendered":"<p><span data-sheets-root=\"1\">Couleur : Noir<br \/>\nTissu tiss\u00e9 l\u00e9ger<br \/>\nCoupe ajust\u00e9e<br \/>\nRevers en pointe<br \/>\n\u00c9paules structur\u00e9es<br \/>\nPoche poitrine passepoil\u00e9e<br \/>\nPoches \u00e0 rabat \u00e0 la taille<br \/>\nD\u00e9tails drap\u00e9s \u00e0 la taille<br \/>\nFermeture boutonn\u00e9e sur le c\u00f4t\u00e9<br \/>\nDoubl\u00e9<br \/>\nMati\u00e8re principale : 100 % polyester<br \/>\nDoublure : 100 % polyester<br \/>\nNettoyage \u00e0 sec uniquement<br \/>\nFabriqu\u00e9 en Cor\u00e9e du Sud<\/span><\/p>\n","protected":false},"featured_media":0,"comment_status":"open","ping_status":"closed","template":"","meta":[],"product_brand":[],"product_cat":[51,54],"product_tag":[],"class_list":{"0":"post-8034","1":"product","2":"type-product","3":"status-publish","5":"product_cat-co-ord-sets","6":"product_cat-outerwear","8":"first","9":"instock","10":"shipping-taxable","11":"purchasable","12":"product-type-simple"},"_links":{"self":[{"href":"https:\/\/kimchic.ch\/fr\/wp-json\/wp\/v2\/product\/8034","targetHints":{"allow":["GET"]}}],"collection":[{"href":"https:\/\/kimchic.ch\/fr\/wp-json\/wp\/v2\/product"}],"about":[{"href":"https:\/\/kimchic.ch\/fr\/wp-json\/wp\/v2\/types\/product"}],"replies":[{"embeddable":true,"href":"https:\/\/kimchic.ch\/fr\/wp-json\/wp\/v2\/comments?post=8034"}],"wp:attachment":[{"href":"https:\/\/kimchic.ch\/fr\/wp-json\/wp\/v2\/media?parent=8034"}],"wp:term":[{"taxonomy":"product_brand","embeddable":true,"href":"https:\/\/kimchic.ch\/fr\/wp-json\/wp\/v2\/product_brand?post=8034"},{"taxonomy":"product_cat","embeddable":true,"href":"https:\/\/kimchic.ch\/fr\/wp-json\/wp\/v2\/product_cat?post=8034"},{"taxonomy":"product_tag","embeddable":true,"href":"https:\/\/kimchic.ch\/fr\/wp-json\/wp\/v2\/product_tag?post=8034"}],"curies":[{"name":"wp","href":"https:\/\/api.w.org\/{rel}","templated":true}]}}