{"id":8588,"date":"2026-04-20T20:21:27","date_gmt":"2026-04-20T20:21:27","guid":{"rendered":"https:\/\/kimchic.ch\/?post_type=product&#038;p=8588"},"modified":"2026-04-20T20:28:45","modified_gmt":"2026-04-20T20:28:45","slug":"white-belted-utility-jacket","status":"publish","type":"product","link":"https:\/\/kimchic.ch\/fr\/product\/white-belted-utility-jacket\/","title":{"rendered":"Veste Utilitaire Blanche Ceintur\u00e9e"},"content":{"rendered":"","protected":false},"excerpt":{"rendered":"<p data-start=\"1086\" data-end=\"1388\">Couleur : Blanc<br data-start=\"1119\" data-end=\"1122\" \/>Tissu l\u00e9ger et l\u00e9g\u00e8rement transparent<br data-start=\"1159\" data-end=\"1162\" \/>Coupe relaxed<br data-start=\"1175\" data-end=\"1178\" \/>Col montant<br data-start=\"1189\" data-end=\"1192\" \/>Fermeture frontale dissimul\u00e9e<br data-start=\"1221\" data-end=\"1224\" \/>Poches plaqu\u00e9es \u00e0 rabat sur le devant<br data-start=\"1261\" data-end=\"1264\" \/>Ceinture ton sur ton<br data-start=\"1284\" data-end=\"1287\" \/>Mati\u00e8re principale : 60% rayonne, 40% nylon<br data-start=\"1330\" data-end=\"1333\" \/>Nettoyage \u00e0 sec uniquement<br data-start=\"1359\" data-end=\"1362\" \/>Fabriqu\u00e9 en Cor\u00e9e du Sud<\/p>\n<p data-start=\"1390\" data-end=\"1485\">Taille &#038; Coupe<br data-start=\"1404\" data-end=\"1407\" \/>Taille unique : Longueur totale 83 cm \/ \u00c9paules 55 cm \/ Tour de poitrine 65 cm<\/p>\n","protected":false},"featured_media":8591,"comment_status":"open","ping_status":"closed","template":"","meta":[],"product_brand":[],"product_cat":[80,15],"product_tag":[],"class_list":{"0":"post-8588","1":"product","2":"type-product","3":"status-publish","4":"has-post-thumbnail","6":"product_cat-pre-order","7":"product_cat-shop","9":"first","10":"onbackorder","11":"shipping-taxable","12":"purchasable","13":"product-type-variable"},"_links":{"self":[{"href":"https:\/\/kimchic.ch\/fr\/wp-json\/wp\/v2\/product\/8588","targetHints":{"allow":["GET"]}}],"collection":[{"href":"https:\/\/kimchic.ch\/fr\/wp-json\/wp\/v2\/product"}],"about":[{"href":"https:\/\/kimchic.ch\/fr\/wp-json\/wp\/v2\/types\/product"}],"replies":[{"embeddable":true,"href":"https:\/\/kimchic.ch\/fr\/wp-json\/wp\/v2\/comments?post=8588"}],"wp:featuredmedia":[{"embeddable":true,"href":"https:\/\/kimchic.ch\/fr\/wp-json\/wp\/v2\/media\/8591"}],"wp:attachment":[{"href":"https:\/\/kimchic.ch\/fr\/wp-json\/wp\/v2\/media?parent=8588"}],"wp:term":[{"taxonomy":"product_brand","embeddable":true,"href":"https:\/\/kimchic.ch\/fr\/wp-json\/wp\/v2\/product_brand?post=8588"},{"taxonomy":"product_cat","embeddable":true,"href":"https:\/\/kimchic.ch\/fr\/wp-json\/wp\/v2\/product_cat?post=8588"},{"taxonomy":"product_tag","embeddable":true,"href":"https:\/\/kimchic.ch\/fr\/wp-json\/wp\/v2\/product_tag?post=8588"}],"curies":[{"name":"wp","href":"https:\/\/api.w.org\/{rel}","templated":true}]}}